{"id":1542,"date":"2026-03-23T09:13:11","date_gmt":"2026-03-23T07:13:11","guid":{"rendered":"https:\/\/expopetrogas.ro\/?page_id=1542"},"modified":"2026-03-23T09:13:11","modified_gmt":"2026-03-23T07:13:11","slug":"info-acces-studenti-si-elevi","status":"publish","type":"page","link":"https:\/\/expopetrogas.ro\/en\/info-acces-studenti-si-elevi\/","title":{"rendered":"Student access info"},"content":{"rendered":"<div class=\"wpb-content-wrapper\"><div class=\"vc_row wpb_row vc_row-fluid\"><div class=\"wpb_column vc_column_container vc_col-sm-12\"><div class=\"vc_column-inner\"><div class=\"wpb_wrapper\">\n\t<div class=\"wpb_text_column wpb_content_element\" >\n\t\t<div class=\"wpb_wrapper\">\n\t\t\t<p style=\"text-align: justify;\">Access for groups of pupils\/students from educational institutions with a profile on the theme of the fair\/exhibition is exclusively based on the QR access code generated through the Romexpo application, available both in the App Store and in the Google Play Store.<\/p>\n<p style=\"text-align: justify;\">Thus, each student \/ teacher can create a personal account; after logging in, a QR code is generated that allows free access to the fair.<\/p>\n<p style=\"text-align: justify;\">The \"Company name\" field will be completed with \"acronym of the educational institution - acronym of the faculty (in the case of students)\".<\/p>\n<p style=\"text-align: justify;\">The first 2 fields are filled in with the first option from the list; the \"Field of interest\" column is filled in with what is of interest from the fair's topic; under \"Industry\" the sector of activity for which the young people are preparing is mentioned.<\/p>\n<p style=\"text-align: justify;\">The QR code generated in the application (in the \"My invite\" section) will be scanned at the access gates.<\/p>\n<p style=\"text-align: justify;\">For additional assistance or questions, please contact us at romexpo@romexpo.ro, for the attention of the Marketing Office.<\/p>\n\n\t\t<\/div>\n\t<\/div>\n<\/div><\/div><\/div><\/div>\n<\/div>","protected":false},"excerpt":{"rendered":"<p>Accesul grupurilor de elevi \/ studen\u021bi de la institu\u021biile de \u00eenv\u0103\u021b\u0103m\u00e2nt av\u00e2nd ca profil tematica t\u00e2rgului \/ expozi\u021biei se face exclusiv pe baza codului de acces QR generat prin aplica\u021bia Romexpo, disponibil\u0103 at\u00e2t \u00een App Store, c\u00e2t \u0219i \u00een Google Play Store. Astfel, fiecare elev \/ student \/ cadru didactic \u00ee\u0219i poate crea un cont&hellip;<\/p>","protected":false},"author":1,"featured_media":0,"parent":0,"menu_order":0,"comment_status":"closed","ping_status":"closed","template":"","meta":{"_monsterinsights_skip_tracking":false,"_monsterinsights_sitenote_active":false,"_monsterinsights_sitenote_note":"","_monsterinsights_sitenote_category":0,"footnotes":""},"class_list":["post-1542","page","type-page","status-publish","hentry","description-off"],"jetpack_sharing_enabled":true,"_links":{"self":[{"href":"https:\/\/expopetrogas.ro\/en\/wp-json\/wp\/v2\/pages\/1542","targetHints":{"allow":["GET"]}}],"collection":[{"href":"https:\/\/expopetrogas.ro\/en\/wp-json\/wp\/v2\/pages"}],"about":[{"href":"https:\/\/expopetrogas.ro\/en\/wp-json\/wp\/v2\/types\/page"}],"author":[{"embeddable":true,"href":"https:\/\/expopetrogas.ro\/en\/wp-json\/wp\/v2\/users\/1"}],"replies":[{"embeddable":true,"href":"https:\/\/expopetrogas.ro\/en\/wp-json\/wp\/v2\/comments?post=1542"}],"version-history":[{"count":1,"href":"https:\/\/expopetrogas.ro\/en\/wp-json\/wp\/v2\/pages\/1542\/revisions"}],"predecessor-version":[{"id":1543,"href":"https:\/\/expopetrogas.ro\/en\/wp-json\/wp\/v2\/pages\/1542\/revisions\/1543"}],"wp:attachment":[{"href":"https:\/\/expopetrogas.ro\/en\/wp-json\/wp\/v2\/media?parent=1542"}],"curies":[{"name":"wp","href":"https:\/\/api.w.org\/{rel}","templated":true}]}}